{"id":10,"date":"2026-03-24T19:36:19","date_gmt":"2026-03-24T19:36:19","guid":{"rendered":"https:\/\/houndesign.io\/?page_id=10"},"modified":"2026-04-21T19:42:05","modified_gmt":"2026-04-21T19:42:05","slug":"about","status":"publish","type":"page","link":"https:\/\/houndesign.io\/bs\/about\/","title":{"rendered":"O Nama"},"content":{"rendered":"<div class=\"wp-block-uagb-container uagb-block-42bff750 alignfull uagb-is-root-container\"><div class=\"uagb-container-inner-blocks-wrap\">\n<div class=\"wp-block-uagb-advanced-heading uagb-block-52925fe3\"><h2 class=\"uagb-heading-text\">O Nama<\/h2><p class=\"uagb-desc-text\">Dizajniramo i gradimo digitalna iskustva koja poma\u017eu kompanijama da rastu, istaknu se i pove\u017eu sa svojim klijentima.<\/p><\/div>\n<\/div><\/div>\n\n\n\n<div class=\"wp-block-uagb-container uagb-block-e9a79059 alignfull uagb-is-root-container\">\n<div class=\"wp-block-uagb-container uagb-block-1cf93fe5\">\n<div class=\"wp-block-uagb-image uagb-block-7752721f wp-block-uagb-image--layout-default wp-block-uagb-image--effect-zoomin wp-block-uagb-image--align-none\"><figure class=\"wp-block-uagb-image__figure\"><img decoding=\"async\" srcset=\"https:\/\/houndesign.io\/wp-content\/uploads\/2026\/03\/pexels-photo-3471423-3471423-1024x769.jpg ,https:\/\/houndesign.io\/wp-content\/uploads\/2026\/03\/pexels-photo-3471423-3471423-scaled.jpg 780w, https:\/\/houndesign.io\/wp-content\/uploads\/2026\/03\/pexels-photo-3471423-3471423-scaled.jpg 360w\" sizes=\"auto, (max-width: 480px) 150px\" src=\"https:\/\/houndesign.io\/wp-content\/uploads\/2026\/03\/pexels-photo-3471423-3471423-1024x769.jpg\" alt=\"A designer sketches a mobile app prototype on paper at an office desk, focusing on creativity and design.\" class=\"uag-image-280\" width=\"1024\" height=\"769\" title=\"pexels-photo-3471423-3471423\" loading=\"lazy\" role=\"img\"\/><\/figure><\/div>\n<\/div>\n\n\n\n<div class=\"wp-block-uagb-container uagb-block-4d414903\">\n<div class=\"wp-block-uagb-advanced-heading uagb-block-d5be18f8\"><h2 class=\"uagb-heading-text\">TKO SMO MI<\/h2><div class=\"uagb-separator\"><\/div><\/div>\n\n\n\n<div class=\"wp-block-uagb-advanced-heading uagb-block-25514efd\"><p class=\"uagb-heading-text\"><strong><mark style=\"background-color:rgba(0, 0, 0, 0)\" class=\"has-inline-color has-palette-color-5-color\">Houndesign<\/mark><\/strong> je digitalna agencija fokusirana na kreiranje modernih, visokou\u010dinkovitih web stranica i sna\u017enog online prisustva za kompanije koje \u017eele stvarne rezultate.<br><br>Kombinujemo \u010dist dizajn, solidan razvoj i razmi\u0161ljanje orijentisano na rast kako bismo izgradili web stranice koje su ne samo vizuelno privla\u010dne, ve\u0107 i brze, jednostavne za kori\u0161tenje i efikasne.<br><br>Na\u0161 cilj je jednostavan: kreirati digitalna rje\u0161enja koja podr\u017eavaju va\u0161e poslovanje, a ne kompliciraju ga.<\/p><\/div>\n<\/div>\n<\/div>\n\n\n\n<div class=\"wp-block-uagb-container uagb-block-9e7437b1 alignfull uagb-is-root-container\"><div class=\"uagb-container-inner-blocks-wrap\">\n<div class=\"wp-block-uagb-advanced-heading uagb-block-27d28c50\"><h2 class=\"uagb-heading-text\">Za\u0161to <mark style=\"background-color:rgba(0, 0, 0, 0)\" class=\"has-inline-color has-palette-color-5-color\">Houndesign<\/mark><\/h2><\/div>\n\n\n\n<div class=\"wp-block-uagb-container uagb-layout-grid uagb-block-0818ec0e\">\n<div class=\"wp-block-uagb-info-box uagb-block-201a64a8 uagb-infobox__content-wrap  uagb-infobox-icon-above-title uagb-infobox-image-valign-top\"><div class=\"uagb-ifb-content\"><div class=\"uagb-ifb-icon-wrap\"><svg xmlns=\"https:\/\/www.w3.org\/2000\/svg\" viewbox=\"0 0 640 512\"><path d=\"M488 191.1h-152l.0001 51.86c.0001 37.66-27.08 72-64.55 75.77c-43.09 4.333-79.45-29.42-79.45-71.63V126.4l-24.51 14.73C123.2 167.8 96.04 215.7 96.04 267.5L16.04 313.8c-15.25 8.751-20.63 28.38-11.75 43.63l80 138.6c8.875 15.25 28.5 20.5 43.75 11.75l103.4-59.75h136.6c35.25 0 64-28.75 64-64c26.51 0 48-21.49 48-48V288h8c13.25 0 24-10.75 24-24l.0001-48C512 202.7 501.3 191.1 488 191.1zM635.7 154.5l-79.95-138.6c-8.875-15.25-28.5-20.5-43.75-11.75l-103.4 59.75h-62.57c-37.85 0-74.93 10.61-107.1 30.63C229.7 100.4 224 110.6 224 121.6l-.0004 126.4c0 22.13 17.88 40 40 40c22.13 0 40-17.88 40-40V159.1h184c30.93 0 56 25.07 56 56v28.5l80-46.25C639.3 189.4 644.5 169.8 635.7 154.5z\"><\/path><\/svg><\/div><div class=\"uagb-ifb-title-wrap\"><h3 class=\"uagb-ifb-title\">Mi stavljamo klijente na prvo mjesto<\/h3><\/div><p class=\"uagb-ifb-desc\">Svaki projekat po\u010dinje razumijevanjem va\u0161eg poslovanja, a ne forsiranjem prijedloga ili nepotrebnih funkcija.<\/p><\/div><\/div>\n\n\n\n<div class=\"wp-block-uagb-info-box uagb-block-bec26da5 uagb-infobox__content-wrap  uagb-infobox-icon-above-title uagb-infobox-image-valign-top\"><div class=\"uagb-ifb-content\"><div class=\"uagb-ifb-icon-wrap\"><svg xmlns=\"https:\/\/www.w3.org\/2000\/svg\" viewbox=\"0 0 640 512\"><path d=\"M128 96h384v256h64V80C576 53.63 554.4 32 528 32h-416C85.63 32 64 53.63 64 80V352h64V96zM624 384h-608C7.25 384 0 391.3 0 400V416c0 35.25 28.75 64 64 64h512c35.25 0 64-28.75 64-64v-16C640 391.3 632.8 384 624 384zM365.9 286.2C369.8 290.1 374.9 292 380 292s10.23-1.938 14.14-5.844l48-48c7.812-7.813 7.812-20.5 0-28.31l-48-48c-7.812-7.813-20.47-7.813-28.28 0c-7.812 7.813-7.812 20.5 0 28.31l33.86 33.84l-33.86 33.84C358 265.7 358 278.4 365.9 286.2zM274.1 161.9c-7.812-7.813-20.47-7.813-28.28 0l-48 48c-7.812 7.813-7.812 20.5 0 28.31l48 48C249.8 290.1 254.9 292 260 292s10.23-1.938 14.14-5.844c7.812-7.813 7.812-20.5 0-28.31L240.3 224l33.86-33.84C281.1 182.4 281.1 169.7 274.1 161.9z\"><\/path><\/svg><\/div><div class=\"uagb-ifb-title-wrap\"><h3 class=\"uagb-ifb-title\">Moderna, i fleksibilna rje\u0161enja<\/h3><\/div><p class=\"uagb-ifb-desc\">We build websites that can grow with your business.<\/p><\/div><\/div>\n\n\n\n<div class=\"wp-block-uagb-info-box uagb-block-0d9821e6 uagb-infobox__content-wrap  uagb-infobox-icon-above-title uagb-infobox-image-valign-top\"><div class=\"uagb-ifb-content\"><div class=\"uagb-ifb-icon-wrap\"><svg xmlns=\"https:\/\/www.w3.org\/2000\/svg\" viewbox=\"0 0 512 512\"><path d=\"M256 32C112.9 32 4.563 151.1 0 288v104C0 405.3 10.75 416 23.1 416S48 405.3 48 392V288c0-114.7 93.34-207.8 208-207.8C370.7 80.2 464 173.3 464 288v104C464 405.3 474.7 416 488 416S512 405.3 512 392V287.1C507.4 151.1 399.1 32 256 32zM160 288L144 288c-35.34 0-64 28.7-64 64.13v63.75C80 451.3 108.7 480 144 480L160 480c17.66 0 32-14.34 32-32.05v-127.9C192 302.3 177.7 288 160 288zM368 288L352 288c-17.66 0-32 14.32-32 32.04v127.9c0 17.7 14.34 32.05 32 32.05L368 480c35.34 0 64-28.7 64-64.13v-63.75C432 316.7 403.3 288 368 288z\"><\/path><\/svg><\/div><div class=\"uagb-ifb-title-wrap\"><h3 class=\"uagb-ifb-title\">Jasna komunikacija<\/h3><\/div><p class=\"uagb-ifb-desc\">Bez \u017eargona, bez zabune, samo iskrena i direktna saradnja.<\/p><\/div><\/div>\n\n\n\n<div class=\"wp-block-uagb-info-box uagb-block-2342c0b3 uagb-infobox__content-wrap  uagb-infobox-icon-above-title uagb-infobox-image-valign-top\"><div class=\"uagb-ifb-content\"><div class=\"uagb-ifb-icon-wrap\"><svg xmlns=\"https:\/\/www.w3.org\/2000\/svg\" viewbox=\"0 0 512 512\"><path d=\"M184 0C214.9 0 240 25.07 240 56V456C240 486.9 214.9 512 184 512C155.1 512 131.3 490.1 128.3 461.9C123.1 463.3 117.6 464 112 464C76.65 464 48 435.3 48 400C48 392.6 49.27 385.4 51.59 378.8C21.43 367.4 0 338.2 0 304C0 272.1 18.71 244.5 45.77 231.7C37.15 220.8 32 206.1 32 192C32 161.3 53.59 135.7 82.41 129.4C80.84 123.9 80 118 80 112C80 82.06 100.6 56.92 128.3 49.93C131.3 21.86 155.1 0 184 0zM383.7 49.93C411.4 56.92 432 82.06 432 112C432 118 431.2 123.9 429.6 129.4C458.4 135.7 480 161.3 480 192C480 206.1 474.9 220.8 466.2 231.7C493.3 244.5 512 272.1 512 304C512 338.2 490.6 367.4 460.4 378.8C462.7 385.4 464 392.6 464 400C464 435.3 435.3 464 400 464C394.4 464 388.9 463.3 383.7 461.9C380.7 490.1 356.9 512 328 512C297.1 512 272 486.9 272 456V56C272 25.07 297.1 0 328 0C356.9 0 380.7 21.86 383.7 49.93z\"><\/path><\/svg><\/div><div class=\"uagb-ifb-title-wrap\"><h3 class=\"uagb-ifb-title\">Dugoro\u010dni na\u010din razmi\u0161ljanja<\/h3><\/div><p class=\"uagb-ifb-desc\">Mi smo tu da vas podr\u017eimo i poslije pu\u0161tanja stranice!<\/p><\/div><\/div>\n<\/div>\n<\/div><\/div>\n\n\n\n<div class=\"wp-block-uagb-container uagb-block-900d9265 alignfull uagb-is-root-container\"><div class=\"uagb-container-inner-blocks-wrap\">\n<blockquote class=\"wp-block-quote is-style-default is-layout-flow wp-block-quote-is-layout-flow\">\n<p class=\"has-white-color has-text-color has-link-color has-x-large-font-size wp-elements-cde65aabe422e0679c641333d6333c45\" style=\"font-style:normal;font-weight:700\">Va\u0161a stranica treba da radi za vas a ne obrnuto.<\/p>\n\n\n\n<p class=\"has-palette-color-7-color has-text-color has-link-color has-medium-font-size wp-elements-02e095b5c92b6c7250546d0e520b7804\" style=\"font-style:normal;font-weight:400\">Vjerujemo da su odli\u010dan dizajn, solidne performanse i jasne poruke temelj svakog uspje\u0161nog online prisustva.<\/p>\n\n\n\n<p class=\"has-palette-color-7-color has-text-color has-link-color has-medium-font-size wp-elements-e04fdec5d31f246d89aaa720f2815f27\" style=\"font-style:normal;font-weight:400\">Klijenti su na prvom mjestu. Uvijek!<\/p>\n<\/blockquote>\n<\/div><\/div>\n\n\n\n<div class=\"wp-block-uagb-container uagb-block-0b797b3c alignfull uagb-is-root-container\">\n<div class=\"wp-block-uagb-container uagb-block-16be4950\">\n<div class=\"wp-block-uagb-advanced-heading uagb-block-c142c844\"><h2 class=\"uagb-heading-text\">Kako mi radimo<\/h2><\/div>\n\n\n\n<div class=\"wp-block-uagb-advanced-heading uagb-block-81558e07\"><p class=\"uagb-heading-text\">Svakom projektu pristupamo na jednostavan i transparentan na\u010din.<br><br>Slu\u0161amo, planiramo, dizajniramo, gradimo i podr\u017eavamo, uklju\u010duju\u0107i vas u svakoj fazi.<br><br>Bez nepotrebnih komplikacija, bez ishitrenih odluka i bez iznena\u0111enja.<br><br>Rezultat je web stranica koja odra\u017eava va\u0161 brend i poma\u017ee vam da ostvarite svoje ciljeve.<\/p><\/div>\n<\/div>\n\n\n\n<div class=\"wp-block-uagb-container uagb-block-0ef8f873\">\n<div class=\"wp-block-uagb-image uagb-block-55c24d78 wp-block-uagb-image--layout-default wp-block-uagb-image--effect-zoomin wp-block-uagb-image--align-none\"><figure class=\"wp-block-uagb-image__figure\"><img decoding=\"async\" srcset=\"https:\/\/houndesign.io\/wp-content\/uploads\/2026\/03\/g04170f5201d596aefe66ba8ec3d02c32a43bb62b2e77b489a45ba0267d839ebc4be8ac9b6876995950db40e0241e4331_1280-593296-1024x682.jpg ,https:\/\/houndesign.io\/wp-content\/uploads\/2026\/03\/g04170f5201d596aefe66ba8ec3d02c32a43bb62b2e77b489a45ba0267d839ebc4be8ac9b6876995950db40e0241e4331_1280-593296.jpg 780w, https:\/\/houndesign.io\/wp-content\/uploads\/2026\/03\/g04170f5201d596aefe66ba8ec3d02c32a43bb62b2e77b489a45ba0267d839ebc4be8ac9b6876995950db40e0241e4331_1280-593296.jpg 360w\" sizes=\"auto, (max-width: 480px) 150px\" src=\"https:\/\/houndesign.io\/wp-content\/uploads\/2026\/03\/g04170f5201d596aefe66ba8ec3d02c32a43bb62b2e77b489a45ba0267d839ebc4be8ac9b6876995950db40e0241e4331_1280-593296-1024x682.jpg\" alt=\"laptops, meeting, businessmen, coworkers, colleagues, business meeting, conference room, meeting room, startup, start-up, notebooks, creative, company, silicon valley, modern, office, conference, table, discussion, business, team, computers, desk, technology, vaio, people, working, meeting, meeting, meeting, meeting, meeting, business meeting, office, office, discussion, discussion, business, business, business, team, team\" class=\"uag-image-315\" width=\"1024\" height=\"682\" title=\"g04170f5201d596aefe66ba8ec3d02c32a43bb62b2e77b489a45ba0267d839ebc4be8ac9b6876995950db40e0241e4331_1280-593296\" loading=\"lazy\" role=\"img\"\/><\/figure><\/div>\n<\/div>\n<\/div>\n\n\n\n<div class=\"wp-block-uagb-container uagb-block-85a70534 alignfull uagb-is-root-container\"><div class=\"uagb-container-inner-blocks-wrap\">\n<div class=\"wp-block-uagb-info-box uagb-block-471f408b uagb-infobox__content-wrap  uagb-infobox-icon-above-title uagb-infobox-image-valign-top\"><div class=\"uagb-ifb-content\"><div class=\"uagb-ifb-title-wrap\"><h3 class=\"uagb-ifb-title\">Hajde da napravimo ne\u0161to sto donosi rezultate!<\/h3><\/div><p class=\"uagb-ifb-desc\">Ako tra\u017eite pouzdanog partnera za pobolj\u0161anje va\u0161e web stranice i online prisutnosti, voljeli bismo \u010duti od vas.<\/p><div class=\"uagb-ifb-button-wrapper wp-block-button\"><a href=\"https:\/\/houndesign.io\/bs\/contact\/\" class=\"uagb-infobox-cta-link wp-block-button__link\" target=\"_blank\" rel=\"noopener noreferrer\" onclick=\"return true;\"><span class=\"uagb-inline-editing\">KONTAKTIRAJTE NAS<\/span><svg xmlns=\"https:\/\/www.w3.org\/2000\/svg\" viewbox=\"0 0 512 512\"><path d=\"M504.3 273.6l-112.1 104c-6.992 6.484-17.18 8.218-25.94 4.406c-8.758-3.812-14.42-12.45-14.42-21.1L351.9 288H32C14.33 288 .0002 273.7 .0002 255.1S14.33 224 32 224h319.9l0-72c0-9.547 5.66-18.19 14.42-22c8.754-3.809 18.95-2.075 25.94 4.41l112.1 104C514.6 247.9 514.6 264.1 504.3 273.6z\"><\/path><\/svg><\/a><\/div><\/div><\/div>\n<\/div><\/div>","protected":false},"excerpt":{"rendered":"<p>About Us We design and build digital experiences that help businesses grow, stand out, and connect with their customers. WHO WE ARE Houndesign is a digital agency focused on creating modern, high-performance websites and strong online presence for businesses that want real results. We combine clean design, solid development, and growth-oriented thinking to build websites [&hellip;]<\/p>\n","protected":false},"author":1,"featured_media":0,"parent":0,"menu_order":0,"comment_status":"closed","ping_status":"closed","template":"","meta":{"_uag_custom_page_level_css":"","footnotes":""},"class_list":["post-10","page","type-page","status-publish","hentry"],"blocksy_meta":{"has_hero_section":"disabled","styles_descriptor":{"styles":{"desktop":"","tablet":"","mobile":""},"google_fonts":[],"version":6},"content_style_source":"inherit","vertical_spacing_source":"custom","content_area_spacing":"none"},"yoast_head":"<!-- This site is optimized with the Yoast SEO plugin v27.4 - https:\/\/yoast.com\/product\/yoast-seo-wordpress\/ -->\n<title>About Us | Houndesign Web Development Agency<\/title>\n<meta name=\"description\" content=\"Learn more about Houndesign a web development agency focused on building modern, high-performance websites that help businesses grow.\" \/>\n<meta name=\"robots\" content=\"index, follow, max-snippet:-1, max-image-preview:large, max-video-preview:-1\" \/>\n<link rel=\"canonical\" href=\"https:\/\/houndesign.io\/bs\/about\/\" \/>\n<meta property=\"og:locale\" content=\"bs_BA\" \/>\n<meta property=\"og:type\" content=\"article\" \/>\n<meta property=\"og:title\" content=\"About Us | Houndesign Web Development Agency\" \/>\n<meta property=\"og:description\" content=\"Learn more about Houndesign a web development agency focused on building modern, high-performance websites that help businesses grow.\" \/>\n<meta property=\"og:url\" content=\"https:\/\/houndesign.io\/bs\/about\/\" \/>\n<meta property=\"og:site_name\" content=\"houndesign.io\" \/>\n<meta property=\"article:publisher\" content=\"https:\/\/www.facebook.com\/houndesign\/\" \/>\n<meta property=\"article:modified_time\" content=\"2026-04-21T19:42:05+00:00\" \/>\n<meta property=\"og:image\" content=\"https:\/\/houndesign.io\/wp-content\/uploads\/2026\/03\/pexels-photo-3471423-3471423-1024x769.jpg\" \/>\n<meta name=\"twitter:card\" content=\"summary_large_image\" \/>\n<meta name=\"twitter:label1\" content=\"Est. reading time\" \/>\n\t<meta name=\"twitter:data1\" content=\"2 minute\" \/>\n<script type=\"application\/ld+json\" class=\"yoast-schema-graph\">{\"@context\":\"https:\\\/\\\/schema.org\",\"@graph\":[{\"@type\":\"WebPage\",\"@id\":\"https:\\\/\\\/houndesign.io\\\/about\\\/\",\"url\":\"https:\\\/\\\/houndesign.io\\\/about\\\/\",\"name\":\"About Us | Houndesign Web Development Agency\",\"isPartOf\":{\"@id\":\"https:\\\/\\\/houndesign.io\\\/#website\"},\"primaryImageOfPage\":{\"@id\":\"https:\\\/\\\/houndesign.io\\\/about\\\/#primaryimage\"},\"image\":{\"@id\":\"https:\\\/\\\/houndesign.io\\\/about\\\/#primaryimage\"},\"thumbnailUrl\":\"https:\\\/\\\/houndesign.io\\\/wp-content\\\/uploads\\\/2026\\\/03\\\/pexels-photo-3471423-3471423-1024x769.jpg\",\"datePublished\":\"2026-03-24T19:36:19+00:00\",\"dateModified\":\"2026-04-21T19:42:05+00:00\",\"description\":\"Learn more about Houndesign a web development agency focused on building modern, high-performance websites that help businesses grow.\",\"breadcrumb\":{\"@id\":\"https:\\\/\\\/houndesign.io\\\/about\\\/#breadcrumb\"},\"inLanguage\":\"bs-BA\",\"potentialAction\":[{\"@type\":\"ReadAction\",\"target\":[\"https:\\\/\\\/houndesign.io\\\/about\\\/\"]}]},{\"@type\":\"ImageObject\",\"inLanguage\":\"bs-BA\",\"@id\":\"https:\\\/\\\/houndesign.io\\\/about\\\/#primaryimage\",\"url\":\"https:\\\/\\\/houndesign.io\\\/wp-content\\\/uploads\\\/2026\\\/03\\\/pexels-photo-3471423-3471423-1024x769.jpg\",\"contentUrl\":\"https:\\\/\\\/houndesign.io\\\/wp-content\\\/uploads\\\/2026\\\/03\\\/pexels-photo-3471423-3471423-1024x769.jpg\"},{\"@type\":\"BreadcrumbList\",\"@id\":\"https:\\\/\\\/houndesign.io\\\/about\\\/#breadcrumb\",\"itemListElement\":[{\"@type\":\"ListItem\",\"position\":1,\"name\":\"Home\",\"item\":\"https:\\\/\\\/houndesign.io\\\/\"},{\"@type\":\"ListItem\",\"position\":2,\"name\":\"About\"}]},{\"@type\":\"WebSite\",\"@id\":\"https:\\\/\\\/houndesign.io\\\/#website\",\"url\":\"https:\\\/\\\/houndesign.io\\\/\",\"name\":\"Houndesign | Web Design & Development Agency\",\"description\":\"\",\"publisher\":{\"@id\":\"https:\\\/\\\/houndesign.io\\\/#organization\"},\"potentialAction\":[{\"@type\":\"SearchAction\",\"target\":{\"@type\":\"EntryPoint\",\"urlTemplate\":\"https:\\\/\\\/houndesign.io\\\/?s={search_term_string}\"},\"query-input\":{\"@type\":\"PropertyValueSpecification\",\"valueRequired\":true,\"valueName\":\"search_term_string\"}}],\"inLanguage\":\"bs-BA\"},{\"@type\":\"Organization\",\"@id\":\"https:\\\/\\\/houndesign.io\\\/#organization\",\"name\":\"Houndesign\",\"url\":\"https:\\\/\\\/houndesign.io\\\/\",\"logo\":{\"@type\":\"ImageObject\",\"inLanguage\":\"bs-BA\",\"@id\":\"https:\\\/\\\/houndesign.io\\\/#\\\/schema\\\/logo\\\/image\\\/\",\"url\":\"https:\\\/\\\/houndesign.io\\\/wp-content\\\/uploads\\\/2026\\\/04\\\/Houndesign_-_logo_full-removebg-preview.png\",\"contentUrl\":\"https:\\\/\\\/houndesign.io\\\/wp-content\\\/uploads\\\/2026\\\/04\\\/Houndesign_-_logo_full-removebg-preview.png\",\"width\":400,\"height\":200,\"caption\":\"Houndesign\"},\"image\":{\"@id\":\"https:\\\/\\\/houndesign.io\\\/#\\\/schema\\\/logo\\\/image\\\/\"},\"sameAs\":[\"https:\\\/\\\/www.facebook.com\\\/houndesign\\\/\",\"https:\\\/\\\/www.instagram.com\\\/houndesignteam\\\/\",\"https:\\\/\\\/www.linkedin.com\\\/company\\\/houndesignteam\\\/about\"]}]}<\/script>\n<!-- \/ Yoast SEO plugin. -->","yoast_head_json":{"title":"About Us | Houndesign Web Development Agency","description":"Learn more about Houndesign a web development agency focused on building modern, high-performance websites that help businesses grow.","robots":{"index":"index","follow":"follow","max-snippet":"max-snippet:-1","max-image-preview":"max-image-preview:large","max-video-preview":"max-video-preview:-1"},"canonical":"https:\/\/houndesign.io\/bs\/about\/","og_locale":"bs_BA","og_type":"article","og_title":"About Us | Houndesign Web Development Agency","og_description":"Learn more about Houndesign a web development agency focused on building modern, high-performance websites that help businesses grow.","og_url":"https:\/\/houndesign.io\/bs\/about\/","og_site_name":"houndesign.io","article_publisher":"https:\/\/www.facebook.com\/houndesign\/","article_modified_time":"2026-04-21T19:42:05+00:00","og_image":[{"url":"https:\/\/houndesign.io\/wp-content\/uploads\/2026\/03\/pexels-photo-3471423-3471423-1024x769.jpg","type":"","width":"","height":""}],"twitter_card":"summary_large_image","twitter_misc":{"Est. reading time":"2 minute"},"schema":{"@context":"https:\/\/schema.org","@graph":[{"@type":"WebPage","@id":"https:\/\/houndesign.io\/about\/","url":"https:\/\/houndesign.io\/about\/","name":"About Us | Houndesign Web Development Agency","isPartOf":{"@id":"https:\/\/houndesign.io\/#website"},"primaryImageOfPage":{"@id":"https:\/\/houndesign.io\/about\/#primaryimage"},"image":{"@id":"https:\/\/houndesign.io\/about\/#primaryimage"},"thumbnailUrl":"https:\/\/houndesign.io\/wp-content\/uploads\/2026\/03\/pexels-photo-3471423-3471423-1024x769.jpg","datePublished":"2026-03-24T19:36:19+00:00","dateModified":"2026-04-21T19:42:05+00:00","description":"Learn more about Houndesign a web development agency focused on building modern, high-performance websites that help businesses grow.","breadcrumb":{"@id":"https:\/\/houndesign.io\/about\/#breadcrumb"},"inLanguage":"bs-BA","potentialAction":[{"@type":"ReadAction","target":["https:\/\/houndesign.io\/about\/"]}]},{"@type":"ImageObject","inLanguage":"bs-BA","@id":"https:\/\/houndesign.io\/about\/#primaryimage","url":"https:\/\/houndesign.io\/wp-content\/uploads\/2026\/03\/pexels-photo-3471423-3471423-1024x769.jpg","contentUrl":"https:\/\/houndesign.io\/wp-content\/uploads\/2026\/03\/pexels-photo-3471423-3471423-1024x769.jpg"},{"@type":"BreadcrumbList","@id":"https:\/\/houndesign.io\/about\/#breadcrumb","itemListElement":[{"@type":"ListItem","position":1,"name":"Home","item":"https:\/\/houndesign.io\/"},{"@type":"ListItem","position":2,"name":"About"}]},{"@type":"WebSite","@id":"https:\/\/houndesign.io\/#website","url":"https:\/\/houndesign.io\/","name":"Houndesign | Web Design & Development Agency","description":"","publisher":{"@id":"https:\/\/houndesign.io\/#organization"},"potentialAction":[{"@type":"SearchAction","target":{"@type":"EntryPoint","urlTemplate":"https:\/\/houndesign.io\/?s={search_term_string}"},"query-input":{"@type":"PropertyValueSpecification","valueRequired":true,"valueName":"search_term_string"}}],"inLanguage":"bs-BA"},{"@type":"Organization","@id":"https:\/\/houndesign.io\/#organization","name":"Houndesign","url":"https:\/\/houndesign.io\/","logo":{"@type":"ImageObject","inLanguage":"bs-BA","@id":"https:\/\/houndesign.io\/#\/schema\/logo\/image\/","url":"https:\/\/houndesign.io\/wp-content\/uploads\/2026\/04\/Houndesign_-_logo_full-removebg-preview.png","contentUrl":"https:\/\/houndesign.io\/wp-content\/uploads\/2026\/04\/Houndesign_-_logo_full-removebg-preview.png","width":400,"height":200,"caption":"Houndesign"},"image":{"@id":"https:\/\/houndesign.io\/#\/schema\/logo\/image\/"},"sameAs":["https:\/\/www.facebook.com\/houndesign\/","https:\/\/www.instagram.com\/houndesignteam\/","https:\/\/www.linkedin.com\/company\/houndesignteam\/about"]}]}},"_hostinger_reach_plugin_has_subscription_block":false,"_hostinger_reach_plugin_is_elementor":false,"uagb_featured_image_src":{"full":false,"thumbnail":false,"medium":false,"medium_large":false,"large":false,"1536x1536":false,"2048x2048":false,"trp-custom-language-flag":false},"uagb_author_info":{"display_name":"dino.cilic@gmail.com","author_link":"https:\/\/houndesign.io\/bs\/author\/dino-cilicgmail-com\/"},"uagb_comment_info":0,"uagb_excerpt":"About Us We design and build digital experiences that help businesses grow, stand out, and connect with their customers. WHO WE ARE Houndesign is a digital agency focused on creating modern, high-performance websites and strong online presence for businesses that want real results. We combine clean design, solid development, and growth-oriented thinking to build websites&hellip;","_links":{"self":[{"href":"https:\/\/houndesign.io\/bs\/wp-json\/wp\/v2\/pages\/10","targetHints":{"allow":["GET"]}}],"collection":[{"href":"https:\/\/houndesign.io\/bs\/wp-json\/wp\/v2\/pages"}],"about":[{"href":"https:\/\/houndesign.io\/bs\/wp-json\/wp\/v2\/types\/page"}],"author":[{"embeddable":true,"href":"https:\/\/houndesign.io\/bs\/wp-json\/wp\/v2\/users\/1"}],"replies":[{"embeddable":true,"href":"https:\/\/houndesign.io\/bs\/wp-json\/wp\/v2\/comments?post=10"}],"version-history":[{"count":73,"href":"https:\/\/houndesign.io\/bs\/wp-json\/wp\/v2\/pages\/10\/revisions"}],"predecessor-version":[{"id":650,"href":"https:\/\/houndesign.io\/bs\/wp-json\/wp\/v2\/pages\/10\/revisions\/650"}],"wp:attachment":[{"href":"https:\/\/houndesign.io\/bs\/wp-json\/wp\/v2\/media?parent=10"}],"curies":[{"name":"wp","href":"https:\/\/api.w.org\/{rel}","templated":true}]}}