{"id":3,"date":"2026-03-06T15:24:25","date_gmt":"2026-03-06T15:24:25","guid":{"rendered":"http:\/\/houndesign.io\/?page_id=3"},"modified":"2026-04-23T19:04:25","modified_gmt":"2026-04-23T19:04:25","slug":"privacy-policy","status":"publish","type":"page","link":"https:\/\/houndesign.io\/bs\/privacy-policy\/","title":{"rendered":"Politika Privatnosti"},"content":{"rendered":"<div class=\"wp-block-uagb-container uagb-block-fd7f21e2 alignfull uagb-is-root-container\"><div class=\"uagb-container-inner-blocks-wrap\">\n<div class=\"wp-block-uagb-advanced-heading uagb-block-98aa565c\"><h2 class=\"uagb-heading-text\">Politika Privatnosti<\/h2><p class=\"uagb-desc-text\"><strong>Datum stupanja na snagu:<\/strong> 17.04.2026<br><br>Ova Politika Privatnosti opisuje kako <strong><mark style=\"background-color:rgba(0, 0, 0, 0)\" class=\"has-inline-color has-palette-color-5-color\">Houndesign<\/mark><\/strong> (\u201emi\u201c, \u201enas\u201c ili \u201ena\u0161\u201c) prikuplja, koristi i \u0161titi va\u0161e podatke kada posjetite na\u0161u web stranicu ili koristite na\u0161e usluge.<br><br>U <strong><mark style=\"background-color:rgba(0, 0, 0, 0)\" class=\"has-inline-color has-palette-color-5-color\">Houndesign<\/mark><\/strong>, cijenimo va\u0161u privatnost i posve\u0107eni smo za\u0161titi va\u0161ih li\u010dnih podataka.<\/p><\/div>\n<\/div><\/div>\n\n\n\n<div class=\"wp-block-uagb-container uagb-block-fa60468c alignfull uagb-is-root-container\"><div class=\"uagb-container-inner-blocks-wrap\">\n<div class=\"wp-block-uagb-container uagb-block-7deb2cf5 alignfull uagb-is-root-container\"><div class=\"uagb-container-inner-blocks-wrap\">\n<div class=\"wp-block-uagb-advanced-heading uagb-block-1e2b2825\"><h2 class=\"uagb-heading-text\">Informacije koje skupljamo<\/h2><\/div>\n\n\n\n<div class=\"wp-block-uagb-advanced-heading uagb-block-188b2a1f\"><p class=\"uagb-heading-text\">Mo\u017eemo skupljati sljede\u0107e vrste informacija:<\/p><\/div>\n\n\n\n<div class=\"wp-block-uagb-icon-list uagb-block-9241c77d\"><div class=\"uagb-icon-list__wrap\">\n<div class=\"wp-block-uagb-icon-list-child uagb-block-4f85bfad\"><span class=\"uagb-icon-list__source-wrap\"><svg xmlns=\"https:\/\/www.w3.org\/2000\/svg\" viewbox=\"0 0 512 512\"><path d=\"M256 0C114.6 0 0 114.6 0 256c0 141.4 114.6 256 256 256s256-114.6 256-256C512 114.6 397.4 0 256 0zM406.6 278.6l-103.1 103.1c-12.5 12.5-32.75 12.5-45.25 0s-12.5-32.75 0-45.25L306.8 288H128C110.3 288 96 273.7 96 256s14.31-32 32-32h178.8l-49.38-49.38c-12.5-12.5-12.5-32.75 0-45.25s32.75-12.5 45.25 0l103.1 103.1C414.6 241.3 416 251.1 416 256C416 260.9 414.6 270.7 406.6 278.6z\"><\/path><\/svg><\/span><span class=\"uagb-icon-list__label\"><strong>Privatne Informacije<\/strong>Ime, emal, broj telefona, ime kompanije, i bilo koju informaciju koju vi voljno date preko kontakt forme ili email-a.<\/span><\/div>\n\n\n\n<div class=\"wp-block-uagb-icon-list-child uagb-block-3b43319f\"><span class=\"uagb-icon-list__source-wrap\"><svg xmlns=\"https:\/\/www.w3.org\/2000\/svg\" viewbox=\"0 0 512 512\"><path d=\"M256 0C114.6 0 0 114.6 0 256c0 141.4 114.6 256 256 256s256-114.6 256-256C512 114.6 397.4 0 256 0zM406.6 278.6l-103.1 103.1c-12.5 12.5-32.75 12.5-45.25 0s-12.5-32.75 0-45.25L306.8 288H128C110.3 288 96 273.7 96 256s14.31-32 32-32h178.8l-49.38-49.38c-12.5-12.5-12.5-32.75 0-45.25s32.75-12.5 45.25 0l103.1 103.1C414.6 241.3 416 251.1 416 256C416 260.9 414.6 270.7 406.6 278.6z\"><\/path><\/svg><\/span><span class=\"uagb-icon-list__label\"><strong>Podaci o kori\u0161tenju<\/strong> IP adresa, tip pretra\u017eiva\u010da, informacije o ure\u0111aju, posje\u0107ene stranice i vrijeme provedeno na web stranici.<\/span><\/div>\n\n\n\n<div class=\"wp-block-uagb-icon-list-child uagb-block-e18a1227\"><span class=\"uagb-icon-list__source-wrap\"><svg xmlns=\"https:\/\/www.w3.org\/2000\/svg\" viewbox=\"0 0 512 512\"><path d=\"M256 0C114.6 0 0 114.6 0 256c0 141.4 114.6 256 256 256s256-114.6 256-256C512 114.6 397.4 0 256 0zM406.6 278.6l-103.1 103.1c-12.5 12.5-32.75 12.5-45.25 0s-12.5-32.75 0-45.25L306.8 288H128C110.3 288 96 273.7 96 256s14.31-32 32-32h178.8l-49.38-49.38c-12.5-12.5-12.5-32.75 0-45.25s32.75-12.5 45.25 0l103.1 103.1C414.6 241.3 416 251.1 416 256C416 260.9 414.6 270.7 406.6 278.6z\"><\/path><\/svg><\/span><span class=\"uagb-icon-list__label\"><strong>Kola\u010di\u0107i i podaci o pra\u0107enju<\/strong>Podaci prikupljeni putem kola\u010di\u0107a i sli\u010dnih tehnologija pra\u0107enja.<\/span><\/div>\n<\/div><\/div>\n<\/div><\/div>\n\n\n\n<div class=\"wp-block-uagb-container uagb-block-cc9ad337 alignfull uagb-is-root-container\"><div class=\"uagb-container-inner-blocks-wrap\">\n<div class=\"wp-block-uagb-advanced-heading uagb-block-83ee84b0\"><h2 class=\"uagb-heading-text\">Kako koristimo va\u0161e informacije<\/h2><\/div>\n\n\n\n<div class=\"wp-block-uagb-advanced-heading uagb-block-f8d1e365\"><p class=\"uagb-heading-text\">Mi koristimo va\u0161e informacije da:<\/p><\/div>\n\n\n\n<div class=\"wp-block-uagb-icon-list uagb-block-0d2fe349\"><div class=\"uagb-icon-list__wrap\">\n<div class=\"wp-block-uagb-icon-list-child uagb-block-44a57681\"><span class=\"uagb-icon-list__source-wrap\"><svg xmlns=\"https:\/\/www.w3.org\/2000\/svg\" viewbox=\"0 0 512 512\"><path d=\"M256 0C114.6 0 0 114.6 0 256c0 141.4 114.6 256 256 256s256-114.6 256-256C512 114.6 397.4 0 256 0zM406.6 278.6l-103.1 103.1c-12.5 12.5-32.75 12.5-45.25 0s-12.5-32.75 0-45.25L306.8 288H128C110.3 288 96 273.7 96 256s14.31-32 32-32h178.8l-49.38-49.38c-12.5-12.5-12.5-32.75 0-45.25s32.75-12.5 45.25 0l103.1 103.1C414.6 241.3 416 251.1 416 256C416 260.9 414.6 270.7 406.6 278.6z\"><\/path><\/svg><\/span><span class=\"uagb-icon-list__label\">Odgovorimo na upite i pru\u017eimo tra\u017eene usluge<\/span><\/div>\n\n\n\n<div class=\"wp-block-uagb-icon-list-child uagb-block-a8013eb8\"><span class=\"uagb-icon-list__source-wrap\"><svg xmlns=\"https:\/\/www.w3.org\/2000\/svg\" viewbox=\"0 0 512 512\"><path d=\"M256 0C114.6 0 0 114.6 0 256c0 141.4 114.6 256 256 256s256-114.6 256-256C512 114.6 397.4 0 256 0zM406.6 278.6l-103.1 103.1c-12.5 12.5-32.75 12.5-45.25 0s-12.5-32.75 0-45.25L306.8 288H128C110.3 288 96 273.7 96 256s14.31-32 32-32h178.8l-49.38-49.38c-12.5-12.5-12.5-32.75 0-45.25s32.75-12.5 45.25 0l103.1 103.1C414.6 241.3 416 251.1 416 256C416 260.9 414.6 270.7 406.6 278.6z\"><\/path><\/svg><\/span><span class=\"uagb-icon-list__label\">Unaprijedimo na\u0161u stranicu i korisni\u010dko iskustvo.<\/span><\/div>\n\n\n\n<div class=\"wp-block-uagb-icon-list-child uagb-block-6c282e47\"><span class=\"uagb-icon-list__source-wrap\"><svg xmlns=\"https:\/\/www.w3.org\/2000\/svg\" viewbox=\"0 0 512 512\"><path d=\"M256 0C114.6 0 0 114.6 0 256c0 141.4 114.6 256 256 256s256-114.6 256-256C512 114.6 397.4 0 256 0zM406.6 278.6l-103.1 103.1c-12.5 12.5-32.75 12.5-45.25 0s-12.5-32.75 0-45.25L306.8 288H128C110.3 288 96 273.7 96 256s14.31-32 32-32h178.8l-49.38-49.38c-12.5-12.5-12.5-32.75 0-45.25s32.75-12.5 45.25 0l103.1 103.1C414.6 241.3 416 251.1 416 256C416 260.9 414.6 270.7 406.6 278.6z\"><\/path><\/svg><\/span><span class=\"uagb-icon-list__label\">Komunicirajte u vezi s projektima, ponudama i podr\u0161kom<\/span><\/div>\n\n\n\n<div class=\"wp-block-uagb-icon-list-child uagb-block-76366174\"><span class=\"uagb-icon-list__source-wrap\"><svg xmlns=\"https:\/\/www.w3.org\/2000\/svg\" viewbox=\"0 0 512 512\"><path d=\"M256 0C114.6 0 0 114.6 0 256c0 141.4 114.6 256 256 256s256-114.6 256-256C512 114.6 397.4 0 256 0zM406.6 278.6l-103.1 103.1c-12.5 12.5-32.75 12.5-45.25 0s-12.5-32.75 0-45.25L306.8 288H128C110.3 288 96 273.7 96 256s14.31-32 32-32h178.8l-49.38-49.38c-12.5-12.5-12.5-32.75 0-45.25s32.75-12.5 45.25 0l103.1 103.1C414.6 241.3 416 251.1 416 256C416 260.9 414.6 270.7 406.6 278.6z\"><\/path><\/svg><\/span><span class=\"uagb-icon-list__label\">Odr\u017eavajte sigurnost i performanse web stranice<\/span><\/div>\n<\/div><\/div>\n<\/div><\/div>\n\n\n\n<div class=\"wp-block-uagb-container uagb-block-bc9737a1 alignfull uagb-is-root-container\"><div class=\"uagb-container-inner-blocks-wrap\">\n<div class=\"wp-block-uagb-advanced-heading uagb-block-3d3ed208\"><h2 class=\"uagb-heading-text\">Za\u0161tita Podataka<\/h2><\/div>\n\n\n\n<div class=\"wp-block-uagb-advanced-heading uagb-block-e2e91718\"><p class=\"uagb-heading-text\">Poduzimamo odgovaraju\u0107e tehni\u010dke i organizacijske mjere kako bismo za\u0161titili va\u0161e li\u010dne podatke od neovla\u0161tenog pristupa, zloupotrebe ili otkrivanja.<\/p><\/div>\n<\/div><\/div>\n\n\n\n<div class=\"wp-block-uagb-container uagb-block-2ef293c6 alignfull uagb-is-root-container\"><div class=\"uagb-container-inner-blocks-wrap\">\n<div class=\"wp-block-uagb-advanced-heading uagb-block-786e0de0\"><h2 class=\"uagb-heading-text\">Usluge tre\u0107ih strana<\/h2><\/div>\n\n\n\n<div class=\"wp-block-uagb-advanced-heading uagb-block-08d32404\"><p class=\"uagb-heading-text\">Mo\u017eemo koristiti pouzdane usluge tre\u0107ih strana kao \u0161to su pru\u017eatelji usluga hostinga, alati za analitiku i usluge e-po\u0161te koji mogu obra\u0111ivati \u200b\u200bva\u0161e podatke samo onoliko koliko je potrebno za pru\u017eanje na\u0161ih usluga.<\/p><\/div>\n<\/div><\/div>\n\n\n\n<div class=\"wp-block-uagb-container uagb-block-d98bcf34 alignfull uagb-is-root-container\"><div class=\"uagb-container-inner-blocks-wrap\">\n<div class=\"wp-block-uagb-advanced-heading uagb-block-8460967d\"><h2 class=\"uagb-heading-text\">Va\u0161a prava<\/h2><\/div>\n\n\n\n<div class=\"wp-block-uagb-advanced-heading uagb-block-a69e3816\"><p class=\"uagb-heading-text\">Vi imate pravo da:<\/p><\/div>\n\n\n\n<div class=\"wp-block-uagb-icon-list uagb-block-50b00b7e\"><div class=\"uagb-icon-list__wrap\">\n<div class=\"wp-block-uagb-icon-list-child uagb-block-43b1da18\"><span class=\"uagb-icon-list__source-wrap\"><svg xmlns=\"https:\/\/www.w3.org\/2000\/svg\" viewbox=\"0 0 512 512\"><path d=\"M256 0C114.6 0 0 114.6 0 256c0 141.4 114.6 256 256 256s256-114.6 256-256C512 114.6 397.4 0 256 0zM406.6 278.6l-103.1 103.1c-12.5 12.5-32.75 12.5-45.25 0s-12.5-32.75 0-45.25L306.8 288H128C110.3 288 96 273.7 96 256s14.31-32 32-32h178.8l-49.38-49.38c-12.5-12.5-12.5-32.75 0-45.25s32.75-12.5 45.25 0l103.1 103.1C414.6 241.3 416 251.1 416 256C416 260.9 414.6 270.7 406.6 278.6z\"><\/path><\/svg><\/span><span class=\"uagb-icon-list__label\">Podnesete zahtjev za pristup va\u0161im podacima.<\/span><\/div>\n\n\n\n<div class=\"wp-block-uagb-icon-list-child uagb-block-9fd3015e\"><span class=\"uagb-icon-list__source-wrap\"><svg xmlns=\"https:\/\/www.w3.org\/2000\/svg\" viewbox=\"0 0 512 512\"><path d=\"M256 0C114.6 0 0 114.6 0 256c0 141.4 114.6 256 256 256s256-114.6 256-256C512 114.6 397.4 0 256 0zM406.6 278.6l-103.1 103.1c-12.5 12.5-32.75 12.5-45.25 0s-12.5-32.75 0-45.25L306.8 288H128C110.3 288 96 273.7 96 256s14.31-32 32-32h178.8l-49.38-49.38c-12.5-12.5-12.5-32.75 0-45.25s32.75-12.5 45.25 0l103.1 103.1C414.6 241.3 416 251.1 416 256C416 260.9 414.6 270.7 406.6 278.6z\"><\/path><\/svg><\/span><span class=\"uagb-icon-list__label\">Zahtjevate izmjenu ili brisanje va\u0161ih podataka.<\/span><\/div>\n\n\n\n<div class=\"wp-block-uagb-icon-list-child uagb-block-4df49ac8\"><span class=\"uagb-icon-list__source-wrap\"><svg xmlns=\"https:\/\/www.w3.org\/2000\/svg\" viewbox=\"0 0 512 512\"><path d=\"M256 0C114.6 0 0 114.6 0 256c0 141.4 114.6 256 256 256s256-114.6 256-256C512 114.6 397.4 0 256 0zM406.6 278.6l-103.1 103.1c-12.5 12.5-32.75 12.5-45.25 0s-12.5-32.75 0-45.25L306.8 288H128C110.3 288 96 273.7 96 256s14.31-32 32-32h178.8l-49.38-49.38c-12.5-12.5-12.5-32.75 0-45.25s32.75-12.5 45.25 0l103.1 103.1C414.6 241.3 416 251.1 416 256C416 260.9 414.6 270.7 406.6 278.6z\"><\/path><\/svg><\/span><span class=\"uagb-icon-list__label\">Povucite saglasnost gdje je to primjenjivo<\/span><\/div>\n\n\n\n<div class=\"wp-block-uagb-icon-list-child uagb-block-bdab5ff7\"><span class=\"uagb-icon-list__source-wrap\"><svg xmlns=\"https:\/\/www.w3.org\/2000\/svg\" viewbox=\"0 0 512 512\"><path d=\"M256 0C114.6 0 0 114.6 0 256c0 141.4 114.6 256 256 256s256-114.6 256-256C512 114.6 397.4 0 256 0zM406.6 278.6l-103.1 103.1c-12.5 12.5-32.75 12.5-45.25 0s-12.5-32.75 0-45.25L306.8 288H128C110.3 288 96 273.7 96 256s14.31-32 32-32h178.8l-49.38-49.38c-12.5-12.5-12.5-32.75 0-45.25s32.75-12.5 45.25 0l103.1 103.1C414.6 241.3 416 251.1 416 256C416 260.9 414.6 270.7 406.6 278.6z\"><\/path><\/svg><\/span><span class=\"uagb-icon-list__label\">Kontaktirajte nas u vezi s bilo kakvim problemima s privatno\u0161\u0107u<\/span><\/div>\n<\/div><\/div>\n<\/div><\/div>\n\n\n\n<div class=\"wp-block-uagb-container uagb-block-b9fae53e alignfull uagb-is-root-container\"><div class=\"uagb-container-inner-blocks-wrap\">\n<div class=\"wp-block-uagb-advanced-heading uagb-block-95157799\"><h2 class=\"uagb-heading-text\">Kontakt<\/h2><\/div>\n\n\n\n<div class=\"wp-block-uagb-advanced-heading uagb-block-d5e4fafd\"><p class=\"uagb-heading-text\">Ako imate bilo kakvih pitanja vezano za ovu Potiliku Privatnosti, mo\u017eete nas kontaktirati na: <strong><mark style=\"background-color:rgba(0, 0, 0, 0)\" class=\"has-inline-color has-palette-color-5-color\">hello@houndesign.io<\/mark><\/strong>.<br><br>Mi mo\u017eemo promjeniti ovu <strong>Politika Privatnosti<\/strong> s vremena na vrijeme ( kao primjer, ako se zakoni promjene).<br>Sve promjene \u0107e biti odmah objavljene na na\u0161oj web stranici. Preporu\u010dujemo vam da redovno provjeravate ovu stranicu kako biste bili u toku.<\/p><\/div>\n<\/div><\/div>\n<\/div><\/div>\n\n\n\n<p><\/p>","protected":false},"excerpt":{"rendered":"<p>Privacy Policy Effective Date: 17.04.2026 This Privacy Policy describes how Houndesign (\u201cwe\u201d, \u201cus\u201d, or \u201cour\u201d) collects, uses, and protects your information when you visit our website or use our services. At Houndesign, we value your privacy and are committed to protecting your personal information. Information We Collect We may collect the following types of information: [&hellip;]<\/p>\n","protected":false},"author":1,"featured_media":0,"parent":0,"menu_order":0,"comment_status":"closed","ping_status":"open","template":"","meta":{"_uag_custom_page_level_css":"","footnotes":""},"class_list":["post-3","page","type-page","status-publish","hentry"],"blocksy_meta":{"has_hero_section":"disabled","vertical_spacing_source":"custom","content_area_spacing":"none","styles_descriptor":{"styles":{"desktop":"","tablet":"","mobile":""},"google_fonts":[],"version":6}},"yoast_head":"<!-- This site is optimized with the Yoast SEO plugin v27.4 - https:\/\/yoast.com\/product\/yoast-seo-wordpress\/ -->\n<title>Privacy Policy | Houndesign Web Development Agency<\/title>\n<meta name=\"description\" content=\"Read Houndesign\u2019s Privacy Policy to learn how we collect, use, and protect your personal information when you use our website and services.\" \/>\n<meta name=\"robots\" content=\"index, follow, max-snippet:-1, max-image-preview:large, max-video-preview:-1\" \/>\n<link rel=\"canonical\" href=\"https:\/\/houndesign.io\/bs\/privacy-policy\/\" \/>\n<meta property=\"og:locale\" content=\"bs_BA\" \/>\n<meta property=\"og:type\" content=\"article\" \/>\n<meta property=\"og:title\" content=\"Privacy Policy | Houndesign Web Development Agency\" \/>\n<meta property=\"og:description\" content=\"Read Houndesign\u2019s Privacy Policy to learn how we collect, use, and protect your personal information when you use our website and services.\" \/>\n<meta property=\"og:url\" content=\"https:\/\/houndesign.io\/bs\/privacy-policy\/\" \/>\n<meta property=\"og:site_name\" content=\"houndesign.io\" \/>\n<meta property=\"article:publisher\" content=\"https:\/\/www.facebook.com\/houndesign\/\" \/>\n<meta property=\"article:modified_time\" content=\"2026-04-23T19:04:25+00:00\" \/>\n<meta name=\"twitter:card\" content=\"summary_large_image\" \/>\n<meta name=\"twitter:label1\" content=\"Est. reading time\" \/>\n\t<meta name=\"twitter:data1\" content=\"2 minute\" \/>\n<script type=\"application\/ld+json\" class=\"yoast-schema-graph\">{\"@context\":\"https:\\\/\\\/schema.org\",\"@graph\":[{\"@type\":\"WebPage\",\"@id\":\"https:\\\/\\\/houndesign.io\\\/privacy-policy\\\/\",\"url\":\"https:\\\/\\\/houndesign.io\\\/privacy-policy\\\/\",\"name\":\"Privacy Policy | Houndesign Web Development Agency\",\"isPartOf\":{\"@id\":\"https:\\\/\\\/houndesign.io\\\/#website\"},\"datePublished\":\"2026-03-06T15:24:25+00:00\",\"dateModified\":\"2026-04-23T19:04:25+00:00\",\"description\":\"Read Houndesign\u2019s Privacy Policy to learn how we collect, use, and protect your personal information when you use our website and services.\",\"breadcrumb\":{\"@id\":\"https:\\\/\\\/houndesign.io\\\/privacy-policy\\\/#breadcrumb\"},\"inLanguage\":\"bs-BA\",\"potentialAction\":[{\"@type\":\"ReadAction\",\"target\":[\"https:\\\/\\\/houndesign.io\\\/privacy-policy\\\/\"]}]},{\"@type\":\"BreadcrumbList\",\"@id\":\"https:\\\/\\\/houndesign.io\\\/privacy-policy\\\/#breadcrumb\",\"itemListElement\":[{\"@type\":\"ListItem\",\"position\":1,\"name\":\"Home\",\"item\":\"https:\\\/\\\/houndesign.io\\\/\"},{\"@type\":\"ListItem\",\"position\":2,\"name\":\"Privacy Policy\"}]},{\"@type\":\"WebSite\",\"@id\":\"https:\\\/\\\/houndesign.io\\\/#website\",\"url\":\"https:\\\/\\\/houndesign.io\\\/\",\"name\":\"Houndesign | Web Design & Development Agency\",\"description\":\"\",\"publisher\":{\"@id\":\"https:\\\/\\\/houndesign.io\\\/#organization\"},\"potentialAction\":[{\"@type\":\"SearchAction\",\"target\":{\"@type\":\"EntryPoint\",\"urlTemplate\":\"https:\\\/\\\/houndesign.io\\\/?s={search_term_string}\"},\"query-input\":{\"@type\":\"PropertyValueSpecification\",\"valueRequired\":true,\"valueName\":\"search_term_string\"}}],\"inLanguage\":\"bs-BA\"},{\"@type\":\"Organization\",\"@id\":\"https:\\\/\\\/houndesign.io\\\/#organization\",\"name\":\"Houndesign\",\"url\":\"https:\\\/\\\/houndesign.io\\\/\",\"logo\":{\"@type\":\"ImageObject\",\"inLanguage\":\"bs-BA\",\"@id\":\"https:\\\/\\\/houndesign.io\\\/#\\\/schema\\\/logo\\\/image\\\/\",\"url\":\"https:\\\/\\\/houndesign.io\\\/wp-content\\\/uploads\\\/2026\\\/04\\\/Houndesign_-_logo_full-removebg-preview.png\",\"contentUrl\":\"https:\\\/\\\/houndesign.io\\\/wp-content\\\/uploads\\\/2026\\\/04\\\/Houndesign_-_logo_full-removebg-preview.png\",\"width\":400,\"height\":200,\"caption\":\"Houndesign\"},\"image\":{\"@id\":\"https:\\\/\\\/houndesign.io\\\/#\\\/schema\\\/logo\\\/image\\\/\"},\"sameAs\":[\"https:\\\/\\\/www.facebook.com\\\/houndesign\\\/\",\"https:\\\/\\\/www.instagram.com\\\/houndesignteam\\\/\",\"https:\\\/\\\/www.linkedin.com\\\/company\\\/houndesignteam\\\/about\"]}]}<\/script>\n<!-- \/ Yoast SEO plugin. -->","yoast_head_json":{"title":"Privacy Policy | Houndesign Web Development Agency","description":"Read Houndesign\u2019s Privacy Policy to learn how we collect, use, and protect your personal information when you use our website and services.","robots":{"index":"index","follow":"follow","max-snippet":"max-snippet:-1","max-image-preview":"max-image-preview:large","max-video-preview":"max-video-preview:-1"},"canonical":"https:\/\/houndesign.io\/bs\/privacy-policy\/","og_locale":"bs_BA","og_type":"article","og_title":"Privacy Policy | Houndesign Web Development Agency","og_description":"Read Houndesign\u2019s Privacy Policy to learn how we collect, use, and protect your personal information when you use our website and services.","og_url":"https:\/\/houndesign.io\/bs\/privacy-policy\/","og_site_name":"houndesign.io","article_publisher":"https:\/\/www.facebook.com\/houndesign\/","article_modified_time":"2026-04-23T19:04:25+00:00","twitter_card":"summary_large_image","twitter_misc":{"Est. reading time":"2 minute"},"schema":{"@context":"https:\/\/schema.org","@graph":[{"@type":"WebPage","@id":"https:\/\/houndesign.io\/privacy-policy\/","url":"https:\/\/houndesign.io\/privacy-policy\/","name":"Privacy Policy | Houndesign Web Development Agency","isPartOf":{"@id":"https:\/\/houndesign.io\/#website"},"datePublished":"2026-03-06T15:24:25+00:00","dateModified":"2026-04-23T19:04:25+00:00","description":"Read Houndesign\u2019s Privacy Policy to learn how we collect, use, and protect your personal information when you use our website and services.","breadcrumb":{"@id":"https:\/\/houndesign.io\/privacy-policy\/#breadcrumb"},"inLanguage":"bs-BA","potentialAction":[{"@type":"ReadAction","target":["https:\/\/houndesign.io\/privacy-policy\/"]}]},{"@type":"BreadcrumbList","@id":"https:\/\/houndesign.io\/privacy-policy\/#breadcrumb","itemListElement":[{"@type":"ListItem","position":1,"name":"Home","item":"https:\/\/houndesign.io\/"},{"@type":"ListItem","position":2,"name":"Privacy Policy"}]},{"@type":"WebSite","@id":"https:\/\/houndesign.io\/#website","url":"https:\/\/houndesign.io\/","name":"Houndesign | Web Design & Development Agency","description":"","publisher":{"@id":"https:\/\/houndesign.io\/#organization"},"potentialAction":[{"@type":"SearchAction","target":{"@type":"EntryPoint","urlTemplate":"https:\/\/houndesign.io\/?s={search_term_string}"},"query-input":{"@type":"PropertyValueSpecification","valueRequired":true,"valueName":"search_term_string"}}],"inLanguage":"bs-BA"},{"@type":"Organization","@id":"https:\/\/houndesign.io\/#organization","name":"Houndesign","url":"https:\/\/houndesign.io\/","logo":{"@type":"ImageObject","inLanguage":"bs-BA","@id":"https:\/\/houndesign.io\/#\/schema\/logo\/image\/","url":"https:\/\/houndesign.io\/wp-content\/uploads\/2026\/04\/Houndesign_-_logo_full-removebg-preview.png","contentUrl":"https:\/\/houndesign.io\/wp-content\/uploads\/2026\/04\/Houndesign_-_logo_full-removebg-preview.png","width":400,"height":200,"caption":"Houndesign"},"image":{"@id":"https:\/\/houndesign.io\/#\/schema\/logo\/image\/"},"sameAs":["https:\/\/www.facebook.com\/houndesign\/","https:\/\/www.instagram.com\/houndesignteam\/","https:\/\/www.linkedin.com\/company\/houndesignteam\/about"]}]}},"_hostinger_reach_plugin_has_subscription_block":false,"_hostinger_reach_plugin_is_elementor":false,"uagb_featured_image_src":{"full":false,"thumbnail":false,"medium":false,"medium_large":false,"large":false,"1536x1536":false,"2048x2048":false,"trp-custom-language-flag":false},"uagb_author_info":{"display_name":"dino.cilic@gmail.com","author_link":"https:\/\/houndesign.io\/bs\/author\/dino-cilicgmail-com\/"},"uagb_comment_info":0,"uagb_excerpt":"Privacy Policy Effective Date: 17.04.2026 This Privacy Policy describes how Houndesign (\u201cwe\u201d, \u201cus\u201d, or \u201cour\u201d) collects, uses, and protects your information when you visit our website or use our services. At Houndesign, we value your privacy and are committed to protecting your personal information. Information We Collect We may collect the following types of information:&hellip;","_links":{"self":[{"href":"https:\/\/houndesign.io\/bs\/wp-json\/wp\/v2\/pages\/3","targetHints":{"allow":["GET"]}}],"collection":[{"href":"https:\/\/houndesign.io\/bs\/wp-json\/wp\/v2\/pages"}],"about":[{"href":"https:\/\/houndesign.io\/bs\/wp-json\/wp\/v2\/types\/page"}],"author":[{"embeddable":true,"href":"https:\/\/houndesign.io\/bs\/wp-json\/wp\/v2\/users\/1"}],"replies":[{"embeddable":true,"href":"https:\/\/houndesign.io\/bs\/wp-json\/wp\/v2\/comments?post=3"}],"version-history":[{"count":8,"href":"https:\/\/houndesign.io\/bs\/wp-json\/wp\/v2\/pages\/3\/revisions"}],"predecessor-version":[{"id":790,"href":"https:\/\/houndesign.io\/bs\/wp-json\/wp\/v2\/pages\/3\/revisions\/790"}],"wp:attachment":[{"href":"https:\/\/houndesign.io\/bs\/wp-json\/wp\/v2\/media?parent=3"}],"curies":[{"name":"wp","href":"https:\/\/api.w.org\/{rel}","templated":true}]}}