{"id":791,"date":"2026-04-23T19:04:45","date_gmt":"2026-04-23T19:04:45","guid":{"rendered":"https:\/\/houndesign.io\/?page_id=791"},"modified":"2026-04-24T06:20:42","modified_gmt":"2026-04-24T06:20:42","slug":"cookies-policy","status":"publish","type":"page","link":"https:\/\/houndesign.io\/bs\/cookies-policy\/","title":{"rendered":"Politika Kola\u010di\u0107a"},"content":{"rendered":"<div class=\"wp-block-uagb-container uagb-block-7d8bc36d alignfull uagb-is-root-container\"><div class=\"uagb-container-inner-blocks-wrap\">\n<div class=\"wp-block-uagb-info-box uagb-block-a51ee4ac uagb-infobox__content-wrap  uagb-infobox-icon-left-title uagb-infobox-left uagb-infobox-image-valign-top\"><div class=\"uagb-ifb-content\"><div class=\"uagb-ifb-left-title-image\"><div class=\"uagb-ifb-icon-wrap\"><svg xmlns=\"https:\/\/www.w3.org\/2000\/svg\" viewbox=\"0 0 512 512\"><path d=\"M494.5 254.8l-11.37-71.48c-4.102-25.9-16.29-49.8-34.8-68.32l-51.33-51.33c-18.52-18.52-42.3-30.7-68.2-34.8L256.9 17.53C231.2 13.42 204.7 17.64 181.5 29.48L116.7 62.53C93.23 74.36 74.36 93.35 62.41 116.7L29.51 181.2c-11.84 23.44-16.08 50.04-11.98 75.94l11.37 71.48c4.101 25.9 16.29 49.77 34.8 68.41l51.33 51.33c18.52 18.4 42.3 30.61 68.2 34.72l71.84 11.37c25.78 4.102 52.27-.1173 75.47-11.95l64.8-33.05c23.32-11.84 42.3-30.82 54.26-54.14l32.81-64.57C494.4 307.3 498.6 280.8 494.5 254.8zM176 367.1c-17.62 0-31.1-14.37-31.1-31.1c0-17.62 14.37-31.1 31.1-31.1s31.1 14.37 31.1 31.1C208 353.6 193.6 367.1 176 367.1zM208 208c-17.62 0-31.1-14.37-31.1-31.1s14.38-31.1 31.1-31.1c17.62 0 31.1 14.37 31.1 31.1S225.6 208 208 208zM368 335.1c-17.62 0-31.1-14.37-31.1-31.1c0-17.62 14.37-31.1 31.1-31.1s31.1 14.37 31.1 31.1C400 321.6 385.6 335.1 368 335.1z\"><\/path><\/svg><\/div><div class=\"uagb-ifb-title-wrap\"><h1 class=\"uagb-ifb-title\">Politika Kola\u010di\u0107a<\/h1><\/div><\/div><p class=\"uagb-ifb-desc\">Ova Politika Kola\u010di\u0107a obja\u0161njava kako <strong><mark style=\"background-color:rgba(0, 0, 0, 0)\" class=\"has-inline-color has-palette-color-5-color\">Houndesign<\/mark><\/strong> koristi kola\u010dine na na\u0161oj stranici.<\/p><\/div><\/div>\n<\/div><\/div>\n\n\n\n<div class=\"wp-block-uagb-container uagb-block-ef7fa2ac alignfull uagb-is-root-container\"><div class=\"uagb-container-inner-blocks-wrap\">\n<div class=\"wp-block-uagb-advanced-heading uagb-block-14454d59\"><h2 class=\"uagb-heading-text\">\u0160ta su kola\u010di\u0107i?<\/h2><p class=\"uagb-desc-text\">Kola\u010di\u0107i su male tekstualne datoteke koje se pohranjuju na va\u0161 ure\u0111aj kada posjetite web stranicu. Oni poma\u017eu u pobolj\u0161anju funkcionalnosti, performansi i korisni\u010dkog iskustva.<\/p><\/div>\n<\/div><\/div>\n\n\n\n<div class=\"wp-block-uagb-container uagb-block-46502b7d alignfull uagb-is-root-container\"><div class=\"uagb-container-inner-blocks-wrap\">\n<div class=\"wp-block-uagb-advanced-heading uagb-block-21f4bc44\"><h2 class=\"uagb-heading-text\">Kako mi koristimo kola\u010di\u0107e<\/h2><p class=\"uagb-desc-text\">Mi koristimo kola\u010di\u0107e za<\/p><\/div>\n\n\n\n<div class=\"wp-block-uagb-icon-list uagb-block-1718cbdc\"><div class=\"uagb-icon-list__wrap\">\n<div class=\"wp-block-uagb-icon-list-child uagb-block-577f5f10\"><span class=\"uagb-icon-list__source-wrap\"><svg xmlns=\"https:\/\/www.w3.org\/2000\/svg\" viewbox=\"0 0 512 512\"><path d=\"M256 0C114.6 0 0 114.6 0 256c0 141.4 114.6 256 256 256s256-114.6 256-256C512 114.6 397.4 0 256 0zM406.6 278.6l-103.1 103.1c-12.5 12.5-32.75 12.5-45.25 0s-12.5-32.75 0-45.25L306.8 288H128C110.3 288 96 273.7 96 256s14.31-32 32-32h178.8l-49.38-49.38c-12.5-12.5-12.5-32.75 0-45.25s32.75-12.5 45.25 0l103.1 103.1C414.6 241.3 416 251.1 416 256C416 260.9 414.6 270.7 406.6 278.6z\"><\/path><\/svg><\/span><span class=\"uagb-icon-list__label\">Osnovnu funkcionalnost web stranice<\/span><\/div>\n\n\n\n<div class=\"wp-block-uagb-icon-list-child uagb-block-2419a68d\"><span class=\"uagb-icon-list__source-wrap\"><svg xmlns=\"https:\/\/www.w3.org\/2000\/svg\" viewbox=\"0 0 512 512\"><path d=\"M256 0C114.6 0 0 114.6 0 256c0 141.4 114.6 256 256 256s256-114.6 256-256C512 114.6 397.4 0 256 0zM406.6 278.6l-103.1 103.1c-12.5 12.5-32.75 12.5-45.25 0s-12.5-32.75 0-45.25L306.8 288H128C110.3 288 96 273.7 96 256s14.31-32 32-32h178.8l-49.38-49.38c-12.5-12.5-12.5-32.75 0-45.25s32.75-12.5 45.25 0l103.1 103.1C414.6 241.3 416 251.1 416 256C416 260.9 414.6 270.7 406.6 278.6z\"><\/path><\/svg><\/span><span class=\"uagb-icon-list__label\">Analizu prometa na web stranici<\/span><\/div>\n\n\n\n<div class=\"wp-block-uagb-icon-list-child uagb-block-0e3cf6c6\"><span class=\"uagb-icon-list__source-wrap\"><svg xmlns=\"https:\/\/www.w3.org\/2000\/svg\" viewbox=\"0 0 512 512\"><path d=\"M256 0C114.6 0 0 114.6 0 256c0 141.4 114.6 256 256 256s256-114.6 256-256C512 114.6 397.4 0 256 0zM406.6 278.6l-103.1 103.1c-12.5 12.5-32.75 12.5-45.25 0s-12.5-32.75 0-45.25L306.8 288H128C110.3 288 96 273.7 96 256s14.31-32 32-32h178.8l-49.38-49.38c-12.5-12.5-12.5-32.75 0-45.25s32.75-12.5 45.25 0l103.1 103.1C414.6 241.3 416 251.1 416 256C416 260.9 414.6 270.7 406.6 278.6z\"><\/path><\/svg><\/span><span class=\"uagb-icon-list__label\">Pra\u0107enje performansi<\/span><\/div>\n\n\n\n<div class=\"wp-block-uagb-icon-list-child uagb-block-bb5c35e0\"><span class=\"uagb-icon-list__source-wrap\"><svg xmlns=\"https:\/\/www.w3.org\/2000\/svg\" viewbox=\"0 0 512 512\"><path d=\"M256 0C114.6 0 0 114.6 0 256c0 141.4 114.6 256 256 256s256-114.6 256-256C512 114.6 397.4 0 256 0zM406.6 278.6l-103.1 103.1c-12.5 12.5-32.75 12.5-45.25 0s-12.5-32.75 0-45.25L306.8 288H128C110.3 288 96 273.7 96 256s14.31-32 32-32h178.8l-49.38-49.38c-12.5-12.5-12.5-32.75 0-45.25s32.75-12.5 45.25 0l103.1 103.1C414.6 241.3 416 251.1 416 256C416 260.9 414.6 270.7 406.6 278.6z\"><\/path><\/svg><\/span><span class=\"uagb-icon-list__label\">Unaprijedimo korisni\u010dko iskustvo<\/span><\/div>\n<\/div><\/div>\n<\/div><\/div>\n\n\n\n<div class=\"wp-block-uagb-container uagb-block-c5b9afda alignfull uagb-is-root-container\"><div class=\"uagb-container-inner-blocks-wrap\">\n<div class=\"wp-block-uagb-advanced-heading uagb-block-4892ea7e\"><h2 class=\"uagb-heading-text\">Vrste kola\u010di\u0107a koje koristimo<\/h2><\/div>\n\n\n\n<div class=\"wp-block-uagb-advanced-heading uagb-block-2f7a5a50\"><h4 class=\"uagb-heading-text\">Osnovni Kola\u010di\u0107i<\/h4><p class=\"uagb-desc-text\">Neophodno za pravilno funkcionisanje web stranice.<\/p><\/div>\n\n\n\n<div class=\"wp-block-uagb-advanced-heading uagb-block-116f47c7\"><h4 class=\"uagb-heading-text\">Analiti\u010dki Kola\u010di\u0107i<\/h4><p class=\"uagb-desc-text\">Pomozite nam da shvatimo kako posjetioci koriste na\u0161u web stranicu kako bismo je mogli pobolj\u0161ati.<\/p><\/div>\n\n\n\n<div class=\"wp-block-uagb-advanced-heading uagb-block-04a1b678\"><h4 class=\"uagb-heading-text\">Kola\u010di\u0107i Preferencija<\/h4><p class=\"uagb-desc-text\">Zapamtite korisni\u010dke preferencije i postavke gdje je to primjenjivo.<\/p><\/div>\n\n\n\n<div class=\"wp-block-uagb-advanced-heading uagb-block-a5d795bc\"><h4 class=\"uagb-heading-text\">Upravljanje Kola\u010di\u0107ima<\/h4><p class=\"uagb-desc-text\">Kola\u010di\u0107e mo\u017eete kontrolirati ili onemogu\u0107iti putem postavki va\u0161eg preglednika. Imajte na umu da onemogu\u0107avanje nekih kola\u010di\u0107a mo\u017ee utjecati na funkcionalnost web stranice.<\/p><\/div>\n\n\n\n<div class=\"wp-block-uagb-advanced-heading uagb-block-e8209c8e\"><h2 class=\"uagb-heading-text\">Izmjene Politike<\/h2><p class=\"uagb-desc-text\">Ovu Politiku kola\u010di\u0107a mo\u017eemo s vremena na vrijeme a\u017eurirati. Sve promjene bit \u0107e objavljene na ovoj stranici.<\/p><\/div>\n\n\n\n<div class=\"wp-block-uagb-advanced-heading uagb-block-3e8cb1fe\"><h2 class=\"uagb-heading-text\">Kontakt<\/h2><p class=\"uagb-desc-text\">Za pitanja povodom Politike kola\u010di\u0107a, molim vas kontaktirajte nas na <strong><mark style=\"background-color:rgba(0, 0, 0, 0)\" class=\"has-inline-color has-palette-color-5-color\">hello@houndesign.io<\/mark><\/strong>.<\/p><\/div>\n<\/div><\/div>\n\n\n\n<p><\/p>","protected":false},"excerpt":{"rendered":"<p>What Are Cookies? Cookies are small text files stored on your device when you visit a website. They help improve functionality, performance, and user experience. How We Use Cookies We use cookies for: Types of Cookies We Use Essential Cookies Required for the website to function properly. Analytics Cookies Help us understand how visitors use [&hellip;]<\/p>\n","protected":false},"author":1,"featured_media":0,"parent":0,"menu_order":0,"comment_status":"closed","ping_status":"closed","template":"","meta":{"_uag_custom_page_level_css":"","footnotes":""},"class_list":["post-791","page","type-page","status-publish","hentry"],"blocksy_meta":{"has_hero_section":"disabled","vertical_spacing_source":"custom","content_area_spacing":"none","styles_descriptor":{"styles":{"desktop":"","tablet":"","mobile":""},"google_fonts":[],"version":6}},"yoast_head":"<!-- This site is optimized with the Yoast SEO plugin v27.4 - https:\/\/yoast.com\/product\/yoast-seo-wordpress\/ -->\n<title>Cookies Policy | Houndesign Web Development Agency<\/title>\n<meta name=\"description\" content=\"Learn how Houndesign uses cookies to improve website performance, user experience, and analytics while protecting your privacy.\" \/>\n<meta name=\"robots\" content=\"index, follow, max-snippet:-1, max-image-preview:large, max-video-preview:-1\" \/>\n<link rel=\"canonical\" href=\"https:\/\/houndesign.io\/bs\/cookies-policy\/\" \/>\n<meta property=\"og:locale\" content=\"bs_BA\" \/>\n<meta property=\"og:type\" content=\"article\" \/>\n<meta property=\"og:title\" content=\"Cookies Policy | Houndesign Web Development Agency\" \/>\n<meta property=\"og:description\" content=\"Learn how Houndesign uses cookies to improve website performance, user experience, and analytics while protecting your privacy.\" \/>\n<meta property=\"og:url\" content=\"https:\/\/houndesign.io\/bs\/cookies-policy\/\" \/>\n<meta property=\"og:site_name\" content=\"houndesign.io\" \/>\n<meta property=\"article:publisher\" content=\"https:\/\/www.facebook.com\/houndesign\/\" \/>\n<meta property=\"article:modified_time\" content=\"2026-04-24T06:20:42+00:00\" \/>\n<meta name=\"twitter:card\" content=\"summary_large_image\" \/>\n<meta name=\"twitter:label1\" content=\"Est. reading time\" \/>\n\t<meta name=\"twitter:data1\" content=\"1 minuta\" \/>\n<script type=\"application\/ld+json\" class=\"yoast-schema-graph\">{\"@context\":\"https:\\\/\\\/schema.org\",\"@graph\":[{\"@type\":\"WebPage\",\"@id\":\"https:\\\/\\\/houndesign.io\\\/cookies-policy\\\/\",\"url\":\"https:\\\/\\\/houndesign.io\\\/cookies-policy\\\/\",\"name\":\"Cookies Policy | Houndesign Web Development Agency\",\"isPartOf\":{\"@id\":\"https:\\\/\\\/houndesign.io\\\/#website\"},\"datePublished\":\"2026-04-23T19:04:45+00:00\",\"dateModified\":\"2026-04-24T06:20:42+00:00\",\"description\":\"Learn how Houndesign uses cookies to improve website performance, user experience, and analytics while protecting your privacy.\",\"breadcrumb\":{\"@id\":\"https:\\\/\\\/houndesign.io\\\/cookies-policy\\\/#breadcrumb\"},\"inLanguage\":\"bs-BA\",\"potentialAction\":[{\"@type\":\"ReadAction\",\"target\":[\"https:\\\/\\\/houndesign.io\\\/cookies-policy\\\/\"]}]},{\"@type\":\"BreadcrumbList\",\"@id\":\"https:\\\/\\\/houndesign.io\\\/cookies-policy\\\/#breadcrumb\",\"itemListElement\":[{\"@type\":\"ListItem\",\"position\":1,\"name\":\"Home\",\"item\":\"https:\\\/\\\/houndesign.io\\\/\"},{\"@type\":\"ListItem\",\"position\":2,\"name\":\"Cookies Policy\"}]},{\"@type\":\"WebSite\",\"@id\":\"https:\\\/\\\/houndesign.io\\\/#website\",\"url\":\"https:\\\/\\\/houndesign.io\\\/\",\"name\":\"Houndesign | Web Design & Development Agency\",\"description\":\"\",\"publisher\":{\"@id\":\"https:\\\/\\\/houndesign.io\\\/#organization\"},\"potentialAction\":[{\"@type\":\"SearchAction\",\"target\":{\"@type\":\"EntryPoint\",\"urlTemplate\":\"https:\\\/\\\/houndesign.io\\\/?s={search_term_string}\"},\"query-input\":{\"@type\":\"PropertyValueSpecification\",\"valueRequired\":true,\"valueName\":\"search_term_string\"}}],\"inLanguage\":\"bs-BA\"},{\"@type\":\"Organization\",\"@id\":\"https:\\\/\\\/houndesign.io\\\/#organization\",\"name\":\"Houndesign\",\"url\":\"https:\\\/\\\/houndesign.io\\\/\",\"logo\":{\"@type\":\"ImageObject\",\"inLanguage\":\"bs-BA\",\"@id\":\"https:\\\/\\\/houndesign.io\\\/#\\\/schema\\\/logo\\\/image\\\/\",\"url\":\"https:\\\/\\\/houndesign.io\\\/wp-content\\\/uploads\\\/2026\\\/04\\\/Houndesign_-_logo_full-removebg-preview.png\",\"contentUrl\":\"https:\\\/\\\/houndesign.io\\\/wp-content\\\/uploads\\\/2026\\\/04\\\/Houndesign_-_logo_full-removebg-preview.png\",\"width\":400,\"height\":200,\"caption\":\"Houndesign\"},\"image\":{\"@id\":\"https:\\\/\\\/houndesign.io\\\/#\\\/schema\\\/logo\\\/image\\\/\"},\"sameAs\":[\"https:\\\/\\\/www.facebook.com\\\/houndesign\\\/\",\"https:\\\/\\\/www.instagram.com\\\/houndesignteam\\\/\",\"https:\\\/\\\/www.linkedin.com\\\/company\\\/houndesignteam\\\/about\"]}]}<\/script>\n<!-- \/ Yoast SEO plugin. -->","yoast_head_json":{"title":"Cookies Policy | Houndesign Web Development Agency","description":"Learn how Houndesign uses cookies to improve website performance, user experience, and analytics while protecting your privacy.","robots":{"index":"index","follow":"follow","max-snippet":"max-snippet:-1","max-image-preview":"max-image-preview:large","max-video-preview":"max-video-preview:-1"},"canonical":"https:\/\/houndesign.io\/bs\/cookies-policy\/","og_locale":"bs_BA","og_type":"article","og_title":"Cookies Policy | Houndesign Web Development Agency","og_description":"Learn how Houndesign uses cookies to improve website performance, user experience, and analytics while protecting your privacy.","og_url":"https:\/\/houndesign.io\/bs\/cookies-policy\/","og_site_name":"houndesign.io","article_publisher":"https:\/\/www.facebook.com\/houndesign\/","article_modified_time":"2026-04-24T06:20:42+00:00","twitter_card":"summary_large_image","twitter_misc":{"Est. reading time":"1 minuta"},"schema":{"@context":"https:\/\/schema.org","@graph":[{"@type":"WebPage","@id":"https:\/\/houndesign.io\/cookies-policy\/","url":"https:\/\/houndesign.io\/cookies-policy\/","name":"Cookies Policy | Houndesign Web Development Agency","isPartOf":{"@id":"https:\/\/houndesign.io\/#website"},"datePublished":"2026-04-23T19:04:45+00:00","dateModified":"2026-04-24T06:20:42+00:00","description":"Learn how Houndesign uses cookies to improve website performance, user experience, and analytics while protecting your privacy.","breadcrumb":{"@id":"https:\/\/houndesign.io\/cookies-policy\/#breadcrumb"},"inLanguage":"bs-BA","potentialAction":[{"@type":"ReadAction","target":["https:\/\/houndesign.io\/cookies-policy\/"]}]},{"@type":"BreadcrumbList","@id":"https:\/\/houndesign.io\/cookies-policy\/#breadcrumb","itemListElement":[{"@type":"ListItem","position":1,"name":"Home","item":"https:\/\/houndesign.io\/"},{"@type":"ListItem","position":2,"name":"Cookies Policy"}]},{"@type":"WebSite","@id":"https:\/\/houndesign.io\/#website","url":"https:\/\/houndesign.io\/","name":"Houndesign | Web Design & Development Agency","description":"","publisher":{"@id":"https:\/\/houndesign.io\/#organization"},"potentialAction":[{"@type":"SearchAction","target":{"@type":"EntryPoint","urlTemplate":"https:\/\/houndesign.io\/?s={search_term_string}"},"query-input":{"@type":"PropertyValueSpecification","valueRequired":true,"valueName":"search_term_string"}}],"inLanguage":"bs-BA"},{"@type":"Organization","@id":"https:\/\/houndesign.io\/#organization","name":"Houndesign","url":"https:\/\/houndesign.io\/","logo":{"@type":"ImageObject","inLanguage":"bs-BA","@id":"https:\/\/houndesign.io\/#\/schema\/logo\/image\/","url":"https:\/\/houndesign.io\/wp-content\/uploads\/2026\/04\/Houndesign_-_logo_full-removebg-preview.png","contentUrl":"https:\/\/houndesign.io\/wp-content\/uploads\/2026\/04\/Houndesign_-_logo_full-removebg-preview.png","width":400,"height":200,"caption":"Houndesign"},"image":{"@id":"https:\/\/houndesign.io\/#\/schema\/logo\/image\/"},"sameAs":["https:\/\/www.facebook.com\/houndesign\/","https:\/\/www.instagram.com\/houndesignteam\/","https:\/\/www.linkedin.com\/company\/houndesignteam\/about"]}]}},"_hostinger_reach_plugin_has_subscription_block":false,"_hostinger_reach_plugin_is_elementor":false,"uagb_featured_image_src":{"full":false,"thumbnail":false,"medium":false,"medium_large":false,"large":false,"1536x1536":false,"2048x2048":false,"trp-custom-language-flag":false},"uagb_author_info":{"display_name":"dino.cilic@gmail.com","author_link":"https:\/\/houndesign.io\/bs\/author\/dino-cilicgmail-com\/"},"uagb_comment_info":0,"uagb_excerpt":"What Are Cookies? Cookies are small text files stored on your device when you visit a website. They help improve functionality, performance, and user experience. How We Use Cookies We use cookies for: Types of Cookies We Use Essential Cookies Required for the website to function properly. Analytics Cookies Help us understand how visitors use&hellip;","_links":{"self":[{"href":"https:\/\/houndesign.io\/bs\/wp-json\/wp\/v2\/pages\/791","targetHints":{"allow":["GET"]}}],"collection":[{"href":"https:\/\/houndesign.io\/bs\/wp-json\/wp\/v2\/pages"}],"about":[{"href":"https:\/\/houndesign.io\/bs\/wp-json\/wp\/v2\/types\/page"}],"author":[{"embeddable":true,"href":"https:\/\/houndesign.io\/bs\/wp-json\/wp\/v2\/users\/1"}],"replies":[{"embeddable":true,"href":"https:\/\/houndesign.io\/bs\/wp-json\/wp\/v2\/comments?post=791"}],"version-history":[{"count":8,"href":"https:\/\/houndesign.io\/bs\/wp-json\/wp\/v2\/pages\/791\/revisions"}],"predecessor-version":[{"id":812,"href":"https:\/\/houndesign.io\/bs\/wp-json\/wp\/v2\/pages\/791\/revisions\/812"}],"wp:attachment":[{"href":"https:\/\/houndesign.io\/bs\/wp-json\/wp\/v2\/media?parent=791"}],"curies":[{"name":"wp","href":"https:\/\/api.w.org\/{rel}","templated":true}]}}